{"id":25,"date":"2025-12-10T15:50:09","date_gmt":"2025-12-10T15:50:09","guid":{"rendered":"https:\/\/gonzalezroldanabogados.com\/?page_id=25"},"modified":"2026-03-12T10:19:27","modified_gmt":"2026-03-12T10:19:27","slug":"blog","status":"publish","type":"page","link":"https:\/\/gonzalezroldanabogados.com\/index.php\/blog\/","title":{"rendered":"Blog"},"content":{"rendered":"<style>.kb-row-layout-id25_16036f-ca > .kt-row-column-wrap{align-content:start;}:where(.kb-row-layout-id25_16036f-ca > .kt-row-column-wrap) > .wp-block-kadence-column{justify-content:start;}.kb-row-layout-id25_16036f-ca > .kt-row-column-wrap{column-gap:var(--global-kb-gap-md, 2rem);row-gap:var(--global-kb-gap-md, 2rem);padding-top:var(--global-kb-spacing-5xl, 10rem);padding-bottom:var(--global-kb-spacing-5xl, 10rem);min-height:500px;grid-template-columns:minmax(0, 1fr);}.kb-row-layout-id25_16036f-ca{background-image:url('https:\/\/gonzalezroldanabogados.com\/wp-content\/uploads\/2025\/12\/blog-banner.jpg');background-size:cover;background-position:56.00000000000001% 0%;background-attachment:fixed;background-repeat:no-repeat;}.kb-row-layout-id25_16036f-ca > .kt-row-layout-overlay{opacity:0.60;background-color:var(--global-palette9, #ffffff);}@media all and (max-width: 1024px), only screen and (min-device-width: 1024px) and (max-device-width: 1366px) and (-webkit-min-device-pixel-ratio: 2) and (hover: none){.kb-row-layout-id25_16036f-ca{background-attachment:scroll;}}@media all and (max-width: 1024px){.kb-row-layout-id25_16036f-ca > .kt-row-column-wrap{padding-top:var(--global-kb-spacing-xl, 4rem);padding-bottom:var(--global-kb-spacing-xl, 4rem);min-height:208px;grid-template-columns:minmax(0, 1fr);}}@media all and (max-width: 767px){.kb-row-layout-id25_16036f-ca > .kt-row-column-wrap{grid-template-columns:minmax(0, 1fr);}}<\/style><div class=\"kb-row-layout-wrap kb-row-layout-id25_16036f-ca alignnone kt-row-has-bg wp-block-kadence-rowlayout\"><div class=\"kt-row-layout-overlay kt-row-overlay-normal\"><\/div><div class=\"kt-row-column-wrap kt-has-1-columns kt-row-layout-equal kt-tab-layout-inherit kt-mobile-layout-row kt-row-valign-top\">\n<style>.kadence-column25_2b01bb-87 > .kt-inside-inner-col,.kadence-column25_2b01bb-87 > .kt-inside-inner-col:before{border-top-left-radius:0px;border-top-right-radius:0px;border-bottom-right-radius:0px;border-bottom-left-radius:0px;}.kadence-column25_2b01bb-87 > .kt-inside-inner-col{column-gap:var(--global-kb-gap-sm, 1rem);}.kadence-column25_2b01bb-87 > .kt-inside-inner-col{flex-direction:column;}.kadence-column25_2b01bb-87 > .kt-inside-inner-col > .aligncenter{width:100%;}.kadence-column25_2b01bb-87 > .kt-inside-inner-col:before{opacity:0.3;}.kadence-column25_2b01bb-87{position:relative;}@media all and (max-width: 1024px){.kadence-column25_2b01bb-87 > .kt-inside-inner-col{flex-direction:column;justify-content:center;}}@media all and (max-width: 767px){.kadence-column25_2b01bb-87 > .kt-inside-inner-col{flex-direction:column;justify-content:center;}}<\/style>\n<div class=\"wp-block-kadence-column kadence-column25_2b01bb-87\"><div class=\"kt-inside-inner-col\"><\/div><\/div>\n\n<\/div><\/div>\n\n<style>.kb-row-layout-id25_bb4b12-cb > .kt-row-column-wrap{align-content:start;}:where(.kb-row-layout-id25_bb4b12-cb > .kt-row-column-wrap) > .wp-block-kadence-column{justify-content:start;}.kb-row-layout-id25_bb4b12-cb > .kt-row-column-wrap{column-gap:var(--global-kb-gap-md, 2rem);row-gap:var(--global-kb-gap-md, 2rem);max-width:var( --global-content-width, 1290px );padding-left:var(--global-content-edge-padding);padding-right:var(--global-content-edge-padding);padding-top:var(--global-kb-spacing-4xl, 8rem);padding-bottom:var(--global-kb-spacing-4xl, 8rem);grid-template-columns:minmax(0, 1fr);}.kb-row-layout-id25_bb4b12-cb > .kt-row-layout-overlay{opacity:0.30;}@media all and (max-width: 1024px){.kb-row-layout-id25_bb4b12-cb > .kt-row-column-wrap{padding-top:var(--global-kb-spacing-xl, 4rem);grid-template-columns:minmax(0, 1fr);}}@media all and (max-width: 767px){.kb-row-layout-id25_bb4b12-cb > .kt-row-column-wrap{grid-template-columns:minmax(0, 1fr);}}<\/style><div class=\"kb-row-layout-wrap kb-row-layout-id25_bb4b12-cb alignnone wp-block-kadence-rowlayout\"><div class=\"kt-row-column-wrap kt-has-1-columns kt-row-layout-equal kt-tab-layout-inherit kt-mobile-layout-row kt-row-valign-top kb-theme-content-width\">\n<style>.kadence-column25_54b906-c0 > .kt-inside-inner-col,.kadence-column25_54b906-c0 > .kt-inside-inner-col:before{border-top-left-radius:0px;border-top-right-radius:0px;border-bottom-right-radius:0px;border-bottom-left-radius:0px;}.kadence-column25_54b906-c0 > .kt-inside-inner-col{column-gap:var(--global-kb-gap-sm, 1rem);}.kadence-column25_54b906-c0 > .kt-inside-inner-col{flex-direction:column;}.kadence-column25_54b906-c0 > .kt-inside-inner-col > .aligncenter{width:100%;}.kadence-column25_54b906-c0 > .kt-inside-inner-col:before{opacity:0.3;}.kadence-column25_54b906-c0{position:relative;}@media all and (max-width: 1024px){.kadence-column25_54b906-c0 > .kt-inside-inner-col{flex-direction:column;justify-content:center;}}@media all and (max-width: 767px){.kadence-column25_54b906-c0 > .kt-inside-inner-col{flex-direction:column;justify-content:center;}}<\/style>\n<div class=\"wp-block-kadence-column kadence-column25_54b906-c0\"><div class=\"kt-inside-inner-col\"><style>.kt-post-loop25_2e768d-c8 .kadence-post-image{padding-top:0px;padding-right:0px;padding-bottom:0px;padding-left:0px;}.kt-post-loop25_2e768d-c8 .kt-post-grid-wrap{gap:30px 70px;}.kt-post-loop25_2e768d-c8 .kt-blocks-post-grid-item{border-top-left-radius:0px;border-top-right-radius:0px;border-bottom-right-radius:0px;border-bottom-left-radius:0px;overflow:hidden;}.kt-post-loop25_2e768d-c8 .kt-blocks-post-grid-item .kt-blocks-post-grid-item-inner{padding-top:15px;padding-right:25px;padding-bottom:25px;padding-left:25px;}.kt-post-loop25_2e768d-c8 .kt-blocks-post-grid-item header{padding-top:0px;padding-right:0px;padding-bottom:10px;padding-left:0px;margin-top:0px;margin-right:0px;margin-bottom:0px;margin-left:0px;}.kt-post-loop25_2e768d-c8 .kt-blocks-post-grid-item .entry-title{padding-top:10px;padding-right:0px;padding-bottom:5px;padding-left:0px;margin-top:0px;margin-right:0px;margin-bottom:0px;margin-left:0px;font-size:24px;line-height:30px;}.kt-post-loop25_2e768d-c8 .kt-blocks-post-grid-item .kt-blocks-post-top-meta{color:#777777;}.kt-post-loop25_2e768d-c8 .kt-blocks-post-grid-item .kt-blocks-post-top-meta a{color:#777777;}.kt-post-loop25_2e768d-c8 .kt-blocks-post-grid-item .kt-blocks-post-top-meta a:hover{color:#444444;}.kt-post-loop25_2e768d-c8 .entry-content{padding-top:0px;padding-right:0px;padding-bottom:0px;padding-left:0px;margin-top:0px;margin-right:0px;margin-bottom:0px;margin-left:0px;}.kt-post-loop25_2e768d-c8 .kt-blocks-post-footer{color:#777777;border-top-width:0px;border-right-width:0px;border-bottom-width:0px;border-left-width:0px;padding-top:0px;padding-right:0px;padding-bottom:0px;padding-left:0px;margin-top:0px;margin-right:0px;margin-bottom:0px;margin-left:0px;font-size:12px;line-height:20px;}.kt-post-loop25_2e768d-c8 .entry-content:after{height:0px;}.kt-post-loop25_2e768d-c8 .kt-blocks-post-footer a{color:#777777;}.kt-post-loop25_2e768d-c8 .kt-blocks-post-footer a:hover{color:#444444;}.kt-post-loop25_2e768d-c8 .kb-filter-item{border-top-width:0px;border-right-width:0px;border-bottom-width:2px;border-left-width:0px;padding-top:5px;padding-right:8px;padding-bottom:5px;padding-left:8px;margin-top:0px;margin-right:10px;margin-bottom:0px;margin-left:0px;}<\/style><div class=\"wp-block-kadence-postgrid kt-blocks-post-loop-block alignnone kt-post-loop25_2e768d-c8 kt-post-grid-layout-grid \"><div class=\"kt-post-grid-layout-grid-wrap kt-post-grid-wrap\" data-columns-xxl=\"3\" data-columns-xl=\"3\" data-columns-md=\"3\" data-columns-sm=\"2\" data-columns-xs=\"1\" data-columns-ss=\"1\"data-item-selector=\".kt-post-masonry-item\" aria-label=\"Post Carousel\"><article class=\"kt-blocks-post-grid-item post-147 post type-post status-publish format-standard has-post-thumbnail hentry category-uncategorized\"><div class=\"kt-blocks-post-grid-item-inner-wrap kt-feat-image-align-top kt-feat-image-mobile-align-top\"><div class=\"kadence-post-image\"><div class=\"kadence-post-image-intrisic kt-image-ratio-66-67\" style=\"padding-bottom:66.67%;\"><div class=\"kadence-post-image-inner-intrisic\"><a aria-hidden=\"true\" tabindex=\"-1\" role=\"presentation\" href=\"https:\/\/gonzalezroldanabogados.com\/index.php\/2025\/12\/12\/el-emprendimiento-como-forma-de-vida\/\" aria-label=\"El emprendimiento como forma de vida\" class=\"kadence-post-image-inner-wrap\"><img loading=\"lazy\" decoding=\"async\" width=\"800\" height=\"512\" src=\"https:\/\/gonzalezroldanabogados.com\/wp-content\/uploads\/2025\/12\/joven-abogada-en-cordoba.png\" class=\"attachment-large size-large wp-post-image\" alt=\"\" srcset=\"https:\/\/gonzalezroldanabogados.com\/wp-content\/uploads\/2025\/12\/joven-abogada-en-cordoba.png 800w, https:\/\/gonzalezroldanabogados.com\/wp-content\/uploads\/2025\/12\/joven-abogada-en-cordoba-300x192.png 300w, https:\/\/gonzalezroldanabogados.com\/wp-content\/uploads\/2025\/12\/joven-abogada-en-cordoba-768x492.png 768w\" sizes=\"auto, (max-width: 800px) 100vw, 800px\" \/><\/a><\/div><\/div><\/div><div class=\"kt-blocks-post-grid-item-inner\"><header><h2 class=\"entry-title\"><a href=\"https:\/\/gonzalezroldanabogados.com\/index.php\/2025\/12\/12\/el-emprendimiento-como-forma-de-vida\/\">El emprendimiento como forma de vida<\/a><\/h2><div class=\"kt-blocks-post-top-meta\"><\/div><\/header><div class=\"entry-content\">Preparando esta p\u00e1gina web, d\u00e1ndole los \u00faltimos retoques, pensando: \u00bfDe&#8230;<\/div><footer class=\"kt-blocks-post-footer\"><div class=\"kt-blocks-post-footer-left\"><\/div><div class=\"kt-blocks-post-footer-right\"><\/div><\/footer><\/div><\/div><\/article><article class=\"kt-blocks-post-grid-item post-144 post type-post status-publish format-standard has-post-thumbnail hentry category-uncategorized\"><div class=\"kt-blocks-post-grid-item-inner-wrap kt-feat-image-align-top kt-feat-image-mobile-align-top\"><div class=\"kadence-post-image\"><div class=\"kadence-post-image-intrisic kt-image-ratio-66-67\" style=\"padding-bottom:66.67%;\"><div class=\"kadence-post-image-inner-intrisic\"><a aria-hidden=\"true\" tabindex=\"-1\" role=\"presentation\" href=\"https:\/\/gonzalezroldanabogados.com\/index.php\/2025\/12\/12\/personal-laboral-interino-podra-pasar-a-indefinido\/\" aria-label=\"Personal laboral interino podr\u00e1 pasar a indefinido\" class=\"kadence-post-image-inner-wrap\"><img loading=\"lazy\" decoding=\"async\" width=\"800\" height=\"511\" src=\"https:\/\/gonzalezroldanabogados.com\/wp-content\/uploads\/2025\/12\/interino-para-a-fijo.jpg\" class=\"attachment-large size-large wp-post-image\" alt=\"\" srcset=\"https:\/\/gonzalezroldanabogados.com\/wp-content\/uploads\/2025\/12\/interino-para-a-fijo.jpg 800w, https:\/\/gonzalezroldanabogados.com\/wp-content\/uploads\/2025\/12\/interino-para-a-fijo-300x192.jpg 300w, https:\/\/gonzalezroldanabogados.com\/wp-content\/uploads\/2025\/12\/interino-para-a-fijo-768x491.jpg 768w\" sizes=\"auto, (max-width: 800px) 100vw, 800px\" \/><\/a><\/div><\/div><\/div><div class=\"kt-blocks-post-grid-item-inner\"><header><h2 class=\"entry-title\"><a href=\"https:\/\/gonzalezroldanabogados.com\/index.php\/2025\/12\/12\/personal-laboral-interino-podra-pasar-a-indefinido\/\">Personal laboral interino podr\u00e1 pasar a indefinido<\/a><\/h2><div class=\"kt-blocks-post-top-meta\"><\/div><\/header><div class=\"entry-content\">El Tribunal Supremo ha rectificado su doctrina sobre la interinidad&#8230;<\/div><footer class=\"kt-blocks-post-footer\"><div class=\"kt-blocks-post-footer-left\"><\/div><div class=\"kt-blocks-post-footer-right\"><\/div><\/footer><\/div><\/div><\/article><article class=\"kt-blocks-post-grid-item post-128 post type-post status-publish format-standard has-post-thumbnail hentry category-uncategorized\"><div class=\"kt-blocks-post-grid-item-inner-wrap kt-feat-image-align-top kt-feat-image-mobile-align-top\"><div class=\"kadence-post-image\"><div class=\"kadence-post-image-intrisic kt-image-ratio-66-67\" style=\"padding-bottom:66.67%;\"><div class=\"kadence-post-image-inner-intrisic\"><a aria-hidden=\"true\" tabindex=\"-1\" role=\"presentation\" href=\"https:\/\/gonzalezroldanabogados.com\/index.php\/2025\/12\/12\/asistencia-temprana-del-abogado-en-accidentes-de-trafico\/\" aria-label=\"Asistencia temprana del abogado en accidentes de tr\u00e1fico\" class=\"kadence-post-image-inner-wrap\"><img loading=\"lazy\" decoding=\"async\" width=\"800\" height=\"512\" src=\"https:\/\/gonzalezroldanabogados.com\/wp-content\/uploads\/2025\/12\/entrada-1.jpg\" class=\"attachment-large size-large wp-post-image\" alt=\"\" srcset=\"https:\/\/gonzalezroldanabogados.com\/wp-content\/uploads\/2025\/12\/entrada-1.jpg 800w, https:\/\/gonzalezroldanabogados.com\/wp-content\/uploads\/2025\/12\/entrada-1-300x192.jpg 300w, https:\/\/gonzalezroldanabogados.com\/wp-content\/uploads\/2025\/12\/entrada-1-768x492.jpg 768w\" sizes=\"auto, (max-width: 800px) 100vw, 800px\" \/><\/a><\/div><\/div><\/div><div class=\"kt-blocks-post-grid-item-inner\"><header><h2 class=\"entry-title\"><a href=\"https:\/\/gonzalezroldanabogados.com\/index.php\/2025\/12\/12\/asistencia-temprana-del-abogado-en-accidentes-de-trafico\/\">Asistencia temprana del abogado en accidentes de tr\u00e1fico<\/a><\/h2><div class=\"kt-blocks-post-top-meta\"><\/div><\/header><div class=\"entry-content\">La vuelta de las vacaciones, los traslados por motivos de&#8230;<\/div><footer class=\"kt-blocks-post-footer\"><div class=\"kt-blocks-post-footer-left\"><\/div><div class=\"kt-blocks-post-footer-right\"><\/div><\/footer><\/div><\/div><\/article><\/div><\/div><!-- .wp-block-kadence-postgrid --><\/div><\/div>\n\n<\/div><\/div>","protected":false},"excerpt":{"rendered":"","protected":false},"author":1,"featured_media":0,"parent":0,"menu_order":0,"comment_status":"closed","ping_status":"closed","template":"","meta":{"_kad_blocks_custom_css":"","_kad_blocks_head_custom_js":"","_kad_blocks_body_custom_js":"","_kad_blocks_footer_custom_js":"","_kadence_starter_templates_imported_post":false,"_kad_post_transparent":"","_kad_post_title":"","_kad_post_layout":"","_kad_post_sidebar_id":"","_kad_post_content_style":"","_kad_post_vertical_padding":"","_kad_post_feature":"","_kad_post_feature_position":"","_kad_post_header":false,"_kad_post_footer":false,"_kad_post_classname":"","footnotes":""},"class_list":["post-25","page","type-page","status-publish","hentry"],"yoast_head":"<!-- This site is optimized with the Yoast SEO plugin v27.1.1 - https:\/\/yoast.com\/product\/yoast-seo-wordpress\/ -->\n<title>Blog - Mar\u00eda Gonzalez Roldan Abogada<\/title>\n<meta name=\"description\" content=\"Despacho de abogados en Granada especializado en derecho civil, penal, laboral y administrativo, con atenci\u00f3n cercana, profesional y transparente para resolver cada caso con eficacia.\" \/>\n<meta name=\"robots\" content=\"index, follow, max-snippet:-1, max-image-preview:large, max-video-preview:-1\" \/>\n<link rel=\"canonical\" href=\"https:\/\/gonzalezroldanabogados.com\/index.php\/blog\/\" \/>\n<meta property=\"og:locale\" content=\"es_ES\" \/>\n<meta property=\"og:type\" content=\"article\" \/>\n<meta property=\"og:title\" content=\"Blog - Mar\u00eda Gonzalez Roldan Abogada\" \/>\n<meta property=\"og:description\" content=\"Despacho de abogados en Granada especializado en derecho civil, penal, laboral y administrativo, con atenci\u00f3n cercana, profesional y transparente para resolver cada caso con eficacia.\" \/>\n<meta property=\"og:url\" content=\"https:\/\/gonzalezroldanabogados.com\/index.php\/blog\/\" \/>\n<meta property=\"og:site_name\" content=\"Mar\u00eda Gonzalez Roldan Abogada\" \/>\n<meta property=\"article:modified_time\" content=\"2026-03-12T10:19:27+00:00\" \/>\n<meta name=\"twitter:card\" content=\"summary_large_image\" \/>\n<script type=\"application\/ld+json\" class=\"yoast-schema-graph\">{\"@context\":\"https:\/\/schema.org\",\"@graph\":[{\"@type\":\"WebPage\",\"@id\":\"https:\/\/gonzalezroldanabogados.com\/index.php\/blog\/\",\"url\":\"https:\/\/gonzalezroldanabogados.com\/index.php\/blog\/\",\"name\":\"Blog - Mar\u00eda Gonzalez Roldan Abogada\",\"isPartOf\":{\"@id\":\"https:\/\/gonzalezroldanabogados.com\/#website\"},\"datePublished\":\"2025-12-10T15:50:09+00:00\",\"dateModified\":\"2026-03-12T10:19:27+00:00\",\"description\":\"Despacho de abogados en Granada especializado en derecho civil, penal, laboral y administrativo, con atenci\u00f3n cercana, profesional y transparente para resolver cada caso con eficacia.\",\"breadcrumb\":{\"@id\":\"https:\/\/gonzalezroldanabogados.com\/index.php\/blog\/#breadcrumb\"},\"inLanguage\":\"es\",\"potentialAction\":[{\"@type\":\"ReadAction\",\"target\":[\"https:\/\/gonzalezroldanabogados.com\/index.php\/blog\/\"]}]},{\"@type\":\"BreadcrumbList\",\"@id\":\"https:\/\/gonzalezroldanabogados.com\/index.php\/blog\/#breadcrumb\",\"itemListElement\":[{\"@type\":\"ListItem\",\"position\":1,\"name\":\"Portada\",\"item\":\"https:\/\/gonzalezroldanabogados.com\/\"},{\"@type\":\"ListItem\",\"position\":2,\"name\":\"Blog\"}]},{\"@type\":\"WebSite\",\"@id\":\"https:\/\/gonzalezroldanabogados.com\/#website\",\"url\":\"https:\/\/gonzalezroldanabogados.com\/\",\"name\":\"Mar\u00eda Gonzalez Roldan Abogada\",\"description\":\"Despacho de abogados en Granada especializado en derecho civil, penal, laboral y administrativo, con atenci\u00f3n cercana, profesional y transparente para resolver cada caso con eficacia.\",\"publisher\":{\"@id\":\"https:\/\/gonzalezroldanabogados.com\/#organization\"},\"potentialAction\":[{\"@type\":\"SearchAction\",\"target\":{\"@type\":\"EntryPoint\",\"urlTemplate\":\"https:\/\/gonzalezroldanabogados.com\/?s={search_term_string}\"},\"query-input\":{\"@type\":\"PropertyValueSpecification\",\"valueRequired\":true,\"valueName\":\"search_term_string\"}}],\"inLanguage\":\"es\"},{\"@type\":\"Organization\",\"@id\":\"https:\/\/gonzalezroldanabogados.com\/#organization\",\"name\":\"Mar\u00eda Gonzalez Roldan Abogada\",\"url\":\"https:\/\/gonzalezroldanabogados.com\/\",\"logo\":{\"@type\":\"ImageObject\",\"inLanguage\":\"es\",\"@id\":\"https:\/\/gonzalezroldanabogados.com\/#\/schema\/logo\/image\/\",\"url\":\"https:\/\/gonzalezroldanabogados.com\/wp-content\/uploads\/2025\/12\/cropped-logo-2.png\",\"contentUrl\":\"https:\/\/gonzalezroldanabogados.com\/wp-content\/uploads\/2025\/12\/cropped-logo-2.png\",\"width\":679,\"height\":224,\"caption\":\"Mar\u00eda Gonzalez Roldan Abogada\"},\"image\":{\"@id\":\"https:\/\/gonzalezroldanabogados.com\/#\/schema\/logo\/image\/\"}}]}<\/script>\n<!-- \/ Yoast SEO plugin. -->","yoast_head_json":{"title":"Blog - Mar\u00eda Gonzalez Roldan Abogada","description":"Despacho de abogados en Granada especializado en derecho civil, penal, laboral y administrativo, con atenci\u00f3n cercana, profesional y transparente para resolver cada caso con eficacia.","robots":{"index":"index","follow":"follow","max-snippet":"max-snippet:-1","max-image-preview":"max-image-preview:large","max-video-preview":"max-video-preview:-1"},"canonical":"https:\/\/gonzalezroldanabogados.com\/index.php\/blog\/","og_locale":"es_ES","og_type":"article","og_title":"Blog - Mar\u00eda Gonzalez Roldan Abogada","og_description":"Despacho de abogados en Granada especializado en derecho civil, penal, laboral y administrativo, con atenci\u00f3n cercana, profesional y transparente para resolver cada caso con eficacia.","og_url":"https:\/\/gonzalezroldanabogados.com\/index.php\/blog\/","og_site_name":"Mar\u00eda Gonzalez Roldan Abogada","article_modified_time":"2026-03-12T10:19:27+00:00","twitter_card":"summary_large_image","schema":{"@context":"https:\/\/schema.org","@graph":[{"@type":"WebPage","@id":"https:\/\/gonzalezroldanabogados.com\/index.php\/blog\/","url":"https:\/\/gonzalezroldanabogados.com\/index.php\/blog\/","name":"Blog - Mar\u00eda Gonzalez Roldan Abogada","isPartOf":{"@id":"https:\/\/gonzalezroldanabogados.com\/#website"},"datePublished":"2025-12-10T15:50:09+00:00","dateModified":"2026-03-12T10:19:27+00:00","description":"Despacho de abogados en Granada especializado en derecho civil, penal, laboral y administrativo, con atenci\u00f3n cercana, profesional y transparente para resolver cada caso con eficacia.","breadcrumb":{"@id":"https:\/\/gonzalezroldanabogados.com\/index.php\/blog\/#breadcrumb"},"inLanguage":"es","potentialAction":[{"@type":"ReadAction","target":["https:\/\/gonzalezroldanabogados.com\/index.php\/blog\/"]}]},{"@type":"BreadcrumbList","@id":"https:\/\/gonzalezroldanabogados.com\/index.php\/blog\/#breadcrumb","itemListElement":[{"@type":"ListItem","position":1,"name":"Portada","item":"https:\/\/gonzalezroldanabogados.com\/"},{"@type":"ListItem","position":2,"name":"Blog"}]},{"@type":"WebSite","@id":"https:\/\/gonzalezroldanabogados.com\/#website","url":"https:\/\/gonzalezroldanabogados.com\/","name":"Mar\u00eda Gonzalez Roldan Abogada","description":"Despacho de abogados en Granada especializado en derecho civil, penal, laboral y administrativo, con atenci\u00f3n cercana, profesional y transparente para resolver cada caso con eficacia.","publisher":{"@id":"https:\/\/gonzalezroldanabogados.com\/#organization"},"potentialAction":[{"@type":"SearchAction","target":{"@type":"EntryPoint","urlTemplate":"https:\/\/gonzalezroldanabogados.com\/?s={search_term_string}"},"query-input":{"@type":"PropertyValueSpecification","valueRequired":true,"valueName":"search_term_string"}}],"inLanguage":"es"},{"@type":"Organization","@id":"https:\/\/gonzalezroldanabogados.com\/#organization","name":"Mar\u00eda Gonzalez Roldan Abogada","url":"https:\/\/gonzalezroldanabogados.com\/","logo":{"@type":"ImageObject","inLanguage":"es","@id":"https:\/\/gonzalezroldanabogados.com\/#\/schema\/logo\/image\/","url":"https:\/\/gonzalezroldanabogados.com\/wp-content\/uploads\/2025\/12\/cropped-logo-2.png","contentUrl":"https:\/\/gonzalezroldanabogados.com\/wp-content\/uploads\/2025\/12\/cropped-logo-2.png","width":679,"height":224,"caption":"Mar\u00eda Gonzalez Roldan Abogada"},"image":{"@id":"https:\/\/gonzalezroldanabogados.com\/#\/schema\/logo\/image\/"}}]}},"taxonomy_info":[],"featured_image_src_large":false,"author_info":{"display_name":"admin","author_link":"https:\/\/gonzalezroldanabogados.com\/index.php\/author\/startgoadm\/"},"comment_info":0,"_links":{"self":[{"href":"https:\/\/gonzalezroldanabogados.com\/index.php\/wp-json\/wp\/v2\/pages\/25","targetHints":{"allow":["GET"]}}],"collection":[{"href":"https:\/\/gonzalezroldanabogados.com\/index.php\/wp-json\/wp\/v2\/pages"}],"about":[{"href":"https:\/\/gonzalezroldanabogados.com\/index.php\/wp-json\/wp\/v2\/types\/page"}],"author":[{"embeddable":true,"href":"https:\/\/gonzalezroldanabogados.com\/index.php\/wp-json\/wp\/v2\/users\/1"}],"replies":[{"embeddable":true,"href":"https:\/\/gonzalezroldanabogados.com\/index.php\/wp-json\/wp\/v2\/comments?post=25"}],"version-history":[{"count":11,"href":"https:\/\/gonzalezroldanabogados.com\/index.php\/wp-json\/wp\/v2\/pages\/25\/revisions"}],"predecessor-version":[{"id":336,"href":"https:\/\/gonzalezroldanabogados.com\/index.php\/wp-json\/wp\/v2\/pages\/25\/revisions\/336"}],"wp:attachment":[{"href":"https:\/\/gonzalezroldanabogados.com\/index.php\/wp-json\/wp\/v2\/media?parent=25"}],"curies":[{"name":"wp","href":"https:\/\/api.w.org\/{rel}","templated":true}]}}